{"id":19489,"date":"2025-09-09T19:12:46","date_gmt":"2025-09-09T19:12:46","guid":{"rendered":"https:\/\/vempra.tur.ar\/?page_id=19489"},"modified":"2025-11-07T21:36:43","modified_gmt":"2025-11-07T21:36:43","slug":"turnes-de-autores","status":"publish","type":"page","link":"https:\/\/vempra.tur.ar\/pt\/turnes-de-autores\/","title":{"rendered":"Passeios do autor"},"content":{"rendered":"<div  class=\"one withsmallpadding ppb_header parallax withbg\" style=\"background-image:url(https:\/\/vempra.tur.ar\/wp-content\/uploads\/2023\/08\/MG_0603-jpg.webp);background-position: center top;text-align:left;padding:200px 0 200px 0;color:#ffffff;\" >\n<div class=\"overlay_background\" style=\"background:#595659;background:rgb(89,86,89,0.5);background:rgba(89,86,89,0.5);\"><\/div>\n<div class=\"standard_wrapper\">\n<div class=\"page_content_wrapper\">\n<div class=\"inner\">\n<div style=\"margin:auto;width:100%\">\n<h2 class=\"ppb_title\" style=\"color:#ffffff;\">Encontre sua experi\u00eancia perfeita<\/h2>\n<\/div>\n<\/div>\n<\/div>\n<\/div>\n<\/div>\n<div  class=\"one withsmallpadding ppb_header\" style=\"text-align:center;padding:40px 0 40px 0;\" >\n<div class=\"standard_wrapper\">\n<div class=\"page_content_wrapper\">\n<div class=\"inner\">\n<div style=\"margin:auto;width:100%\">\n<h2 class=\"ppb_title\" style=\"\">Experi\u00eancias em Vinhos e Gastronomia<\/h2>\n<\/div>\n<\/div>\n<\/div>\n<\/div>\n<\/div>\n<div  class=\"ppb_tour_grid one nopadding\" style=\"margin-top:25px;margin-bottom:25px;\" >\n<div class=\"page_content_wrapper page_main_content sidebar_content full_width fixed_column\">\n<div class=\"standard_wrapper\">\n<div id=\"1762551403821889416\" class=\"portfolio_filter_wrapper gallery grid three_cols\" data-columns=\"3\">\n<div class=\"element grid classic3_cols animated1\">\n<div class=\"one_third gallery3 grid static filterable portfolio_type themeborder\" style=\"background-image:url(https:\/\/vempra.tur.ar\/wp-content\/uploads\/2023\/07\/Bodega-norton-Underground-Cellar-2-700x466.jpg);\"><a class=\"tour_image\" href=\"https:\/\/vempra.tur.ar\/pt\/percorrer\/crie-seu-proprio-vinho-em-mendoza-torne-se-um-enologo-por-um-dia\/\"><\/a><\/p>\n<div class=\"portfolio_info_wrapper\">\n<div class=\"tour_price\">Citar<\/div>\n<h4>Crie seu pr\u00f3prio vinho em Mendoza | Torne-se um vinicultor por um dia<\/h4>\n<div class=\"tour_attribute_wrapper\">\n<div class=\"tour_attribute_days\">\n\t\t\t    \t\t\t    <span class=\"ti-time\"><\/span>7 horas<a href=\"javascript:;\" class=\"tooltip\" title=\"Dispon\u00edvel emSegunda-feira, Ter\u00e7a-feira, Quarta-feira, Quinta-feira, Sexta-feira, S\u00e1bado, Domingo\"><span class=\"ti-info-alt\"><\/span><\/a><\/div>\n<\/div>\n<p>        \t\t    <br class=\"clear\"\/>\n\t\t\t\t<\/div>\n<\/div>\n<\/div>\n<div class=\"element grid classic3_cols animated2\">\n<div class=\"one_third gallery3 grid static filterable portfolio_type themeborder\" style=\"background-image:url(https:\/\/vempra.tur.ar\/wp-content\/uploads\/2025\/10\/Finca-El-Paraiso-Bodega-Luigi-Bosca-e1713882886905-700x466.jpg);\"><a class=\"tour_image\" href=\"https:\/\/vempra.tur.ar\/pt\/percorrer\/experiencia-gourmet-finca-el-paraiso-luigi-bosca-estate\/\"><\/a><\/p>\n<div class=\"portfolio_info_wrapper\">\n<h4>Ra\u00edzes: Uma Experi\u00eancia Gourmet na Finca El Para\u00edso por Luigi Bosca<\/h4>\n<div class=\"tour_attribute_wrapper\">\n<div class=\"tour_attribute_days\">\n\t\t\t    \t\t\t    <span class=\"ti-time\"><\/span>8 horas<a href=\"javascript:;\" class=\"tooltip\" title=\"Dispon\u00edvel emSegunda-feira, Ter\u00e7a-feira, Quarta-feira, Quinta-feira, Sexta-feira, S\u00e1bado, Domingo\"><span class=\"ti-info-alt\"><\/span><\/a><\/div>\n<\/div>\n<p>        \t\t    <br class=\"clear\"\/>\n\t\t\t\t<\/div>\n<\/div>\n<\/div>\n<div class=\"element grid classic3_cols animated3\">\n<div class=\"one_third gallery3 grid static filterable portfolio_type themeborder\" style=\"background-image:url(https:\/\/vempra.tur.ar\/wp-content\/uploads\/2025\/10\/Bodega-Zuccardi-Valle-de-Uco-1-qqja6rg9u4otbkcf1xentlznubbn41cysrwmtagos0-700x466.jpg);\"><a class=\"tour_image\" href=\"https:\/\/vempra.tur.ar\/pt\/percorrer\/experiencia-zuccardi-piedra-infinita-almoco-privativo-na-melhor-vinicola-do-mundo-2\/\"><\/a><\/p>\n<div class=\"portfolio_info_wrapper\">\n<h4>Experi\u00eancia Zuccardi Piedra Infinita: Almo\u00e7o Privado na Melhor Vin\u00edcola do Mundo<\/h4>\n<div class=\"tour_attribute_wrapper\">\n<div class=\"tour_attribute_days\">\n\t\t\t    \t\t\t    <span class=\"ti-time\"><\/span>8 horas<a href=\"javascript:;\" class=\"tooltip\" title=\"Dispon\u00edvel emSegunda-feira, Ter\u00e7a-feira, Quarta-feira, Quinta-feira, Sexta-feira, S\u00e1bado, Domingo\"><span class=\"ti-info-alt\"><\/span><\/a><\/div>\n<\/div>\n<p>        \t\t    <br class=\"clear\"\/>\n\t\t\t\t<\/div>\n<\/div>\n<\/div>\n<div class=\"element grid classic3_cols animated4\">\n<div class=\"one_third gallery3 grid static filterable portfolio_type themeborder\" style=\"background-image:url(https:\/\/vempra.tur.ar\/wp-content\/uploads\/2023\/08\/13-1-jpg.webp);\"><a class=\"tour_image\" href=\"https:\/\/vempra.tur.ar\/pt\/percorrer\/por-do-sol-no-vale-do-uco-uma-viagem-particular-ao-coracao-do-vinho-e-da-arte-2\/\"><\/a><\/p>\n<div class=\"portfolio_info_wrapper\">\n<h4>P\u00f4r do sol no Vale do Uco: uma viagem particular ao cora\u00e7\u00e3o do vinho e da arte<\/h4>\n<div class=\"tour_attribute_wrapper\">\n<div class=\"tour_attribute_days\">\n\t\t\t    \t\t\t    <span class=\"ti-time\"><\/span>8 horas<a href=\"javascript:;\" class=\"tooltip\" title=\"Dispon\u00edvel \u00e0s segundas, ter\u00e7as e quartas-feiras\"><span class=\"ti-info-alt\"><\/span><\/a><\/div>\n<\/div>\n<p>        \t\t    <br class=\"clear\"\/>\n\t\t\t\t<\/div>\n<\/div>\n<\/div>\n<div class=\"element grid classic3_cols animated5\">\n<div class=\"one_third gallery3 grid static filterable portfolio_type themeborder\" style=\"background-image:url(https:\/\/vempra.tur.ar\/wp-content\/uploads\/2023\/08\/Foto_319-700x466.jpg);\"><a class=\"tour_image\" href=\"https:\/\/vempra.tur.ar\/pt\/percorrer\/experiencia-gastronomica-premium-em-lujan\/\"><\/a><\/p>\n<div class=\"portfolio_info_wrapper\">\n<h4>Experi\u00eancia gastron\u00f4mica premium em Luj\u00e1n<\/h4>\n<div class=\"tour_attribute_wrapper\">\n<div class=\"tour_attribute_days\">\n\t\t\t    \t\t\t    <span class=\"ti-time\"><\/span>8 horas<a href=\"javascript:;\" class=\"tooltip\" title=\"Dispon\u00edvel emSegunda-feira, Ter\u00e7a-feira, Quarta-feira, Quinta-feira, Sexta-feira, S\u00e1bado, Domingo\"><span class=\"ti-info-alt\"><\/span><\/a><\/div>\n<\/div>\n<p>        \t\t    <br class=\"clear\"\/>\n\t\t\t\t<\/div>\n<\/div>\n<\/div>\n<\/div>\n<\/div>\n<\/div>\n<\/div>\n<div  class=\"one withsmallpadding ppb_text\" style=\"text-align:center;padding:40px 0 40px 0;\" >\n<div class=\"standard_wrapper\">\n<div class=\"page_content_wrapper\">\n<div class=\"inner\">\n<div style=\"margin:auto;width:100%\"><a class=\"button small\" onclick=\"window.open('https:\/\/vempra.tur.ar\/tourcat\/experiencia-vinos-gastronomia\/', '_self')\">Ver mais experi\u00eancias<\/a>\n<\/div>\n<\/div>\n<\/div>\n<\/div>\n<\/div>\n<div  class=\"one withsmallpadding ppb_header\" style=\"text-align:center;padding:40px 0 40px 0;\" >\n<div class=\"standard_wrapper\">\n<div class=\"page_content_wrapper\">\n<div class=\"inner\">\n<div style=\"margin:auto;width:100%\">\n<h2 class=\"ppb_title\" style=\"\">Aventura e Paisagens Andinas<\/h2>\n<\/div>\n<\/div>\n<\/div>\n<\/div>\n<\/div>\n<div  class=\"ppb_tour_grid one nopadding\" style=\"margin-top:20px;margin-bottom:20px;\" >\n<div class=\"page_content_wrapper page_main_content sidebar_content full_width fixed_column\">\n<div class=\"standard_wrapper\">\n<div id=\"17625514032061672961\" class=\"portfolio_filter_wrapper gallery grid three_cols\" data-columns=\"3\">\n<div class=\"element grid classic3_cols animated1\">\n<div class=\"one_third gallery3 grid static filterable portfolio_type themeborder\" style=\"background-image:url(https:\/\/vempra.tur.ar\/wp-content\/uploads\/2024\/02\/2.1-TermaSpa-Deck-jpg.webp);\"><a class=\"tour_image\" href=\"https:\/\/vempra.tur.ar\/pt\/percorrer\/dia-de-bem-estar-nas-fontes-termais-de-cacheuta\/\"><\/a><\/p>\n<div class=\"portfolio_info_wrapper\">\n<div class=\"tour_price\">$169,000<\/div>\n<h4>Dia de spa no Termas Cacheuta: relaxamento termal e almo\u00e7o crioulo<\/h4>\n<div class=\"tour_attribute_wrapper\">\n<div class=\"tour_attribute_days\">\n\t\t\t    \t\t\t    <span class=\"ti-time\"><\/span>9 horas Horas<a href=\"javascript:;\" class=\"tooltip\" title=\"Dispon\u00edvel emSegunda-feira, Ter\u00e7a-feira, Quarta-feira, Quinta-feira, Sexta-feira, S\u00e1bado, Domingo\"><span class=\"ti-info-alt\"><\/span><\/a><\/div>\n<\/div>\n<p>        \t\t    <br class=\"clear\"\/>\n\t\t\t\t<\/div>\n<\/div>\n<\/div>\n<div class=\"element grid classic3_cols animated2\">\n<div class=\"one_third gallery3 grid static filterable portfolio_type themeborder\" style=\"background-image:url(https:\/\/vempra.tur.ar\/wp-content\/uploads\/2025\/10\/image-700x466.png);\"><a class=\"tour_image\" href=\"https:\/\/vempra.tur.ar\/pt\/percorrer\/passeios-a-cavalo-com-sabores-andinos\/\"><\/a><\/p>\n<div class=\"portfolio_info_wrapper\">\n<div class=\"tour_price\">$135,000<\/div>\n<h4>Passeios a cavalo com sabores andinos<\/h4>\n<div class=\"tour_attribute_wrapper\">\n<div class=\"tour_attribute_days\">\n\t\t\t    \t\t\t    <span class=\"ti-time\"><\/span>6 horas Horas<a href=\"javascript:;\" class=\"tooltip\" title=\"Dispon\u00edvel \u00e0s ter\u00e7as, quintas e s\u00e1bados\"><span class=\"ti-info-alt\"><\/span><\/a><\/div>\n<\/div>\n<p>        \t\t    <br class=\"clear\"\/>\n\t\t\t\t<\/div>\n<\/div>\n<\/div>\n<div class=\"element grid classic3_cols animated3\">\n<div class=\"one_third gallery3 grid static filterable portfolio_type themeborder\" style=\"background-image:url(https:\/\/vempra.tur.ar\/wp-content\/uploads\/2025\/10\/39-700x466.jpg);\"><a class=\"tour_image\" href=\"https:\/\/vempra.tur.ar\/pt\/percorrer\/villavicencio-santuario-condor-4x4\/\"><\/a><\/p>\n<div class=\"portfolio_info_wrapper\">\n<div class=\"tour_price\">$89,000<\/div>\n<h4>Andes Truck 4\u00d74: Aventura ao Santu\u00e1rio do Condor em Villavicencio<\/h4>\n<div class=\"tour_attribute_wrapper\">\n<div class=\"tour_attribute_days\">\n\t\t\t    \t\t\t    <span class=\"ti-time\"><\/span>9 horas Horas<a href=\"javascript:;\" class=\"tooltip\" title=\"Dispon\u00edvel emSegunda-feira, Ter\u00e7a-feira, Quarta-feira, Quinta-feira, Sexta-feira, S\u00e1bado, Domingo\"><span class=\"ti-info-alt\"><\/span><\/a><\/div>\n<\/div>\n<p>        \t\t    <br class=\"clear\"\/>\n\t\t\t\t<\/div>\n<\/div>\n<\/div>\n<\/div>\n<\/div>\n<\/div>\n<\/div>\n<div  class=\"one withsmallpadding ppb_text\" style=\"text-align:center;padding:40px 0 40px 0;\" >\n<div class=\"standard_wrapper\">\n<div class=\"page_content_wrapper\">\n<div class=\"inner\">\n<div style=\"margin:auto;width:100%\"><a class=\"button small\" onclick=\"window.open('https:\/\/vempra.tur.ar\/tourcat\/paisajes-andinos-aventura-mendoza\/', '_self')\">Ver mais experi\u00eancias<\/a>\n<\/div>\n<\/div>\n<\/div>\n<\/div>\n<\/div>\n<div  class=\"one withsmallpadding ppb_header\" style=\"text-align:center;padding:40px 0 40px 0;margin-top:20px;margin-bottom:20px;\" >\n<div class=\"standard_wrapper\">\n<div class=\"page_content_wrapper\">\n<div class=\"inner\">\n<div style=\"margin:auto;width:100%\">\n<h2 class=\"ppb_title\" style=\"\">Passeios cl\u00e1ssicos em Mendoza<\/h2>\n<\/div>\n<\/div>\n<\/div>\n<\/div>\n<\/div>\n<div  class=\"ppb_tour_grid one nopadding\" >\n<div class=\"page_content_wrapper page_main_content sidebar_content full_width fixed_column\">\n<div class=\"standard_wrapper\">\n<div id=\"1762551403952201702\" class=\"portfolio_filter_wrapper gallery grid three_cols\" data-columns=\"3\">\n<div class=\"element grid classic3_cols animated1\">\n<div class=\"one_third gallery3 grid static filterable portfolio_type themeborder\" style=\"background-image:url(https:\/\/vempra.tur.ar\/wp-content\/uploads\/2024\/02\/2.1-TermaSpa-Deck-jpg.webp);\"><a class=\"tour_image\" href=\"https:\/\/vempra.tur.ar\/pt\/percorrer\/dia-de-bem-estar-nas-fontes-termais-de-cacheuta\/\"><\/a><\/p>\n<div class=\"portfolio_info_wrapper\">\n<div class=\"tour_price\">$169,000<\/div>\n<h4>Dia de spa no Termas Cacheuta: relaxamento termal e almo\u00e7o crioulo<\/h4>\n<div class=\"tour_attribute_wrapper\">\n<div class=\"tour_attribute_days\">\n\t\t\t    \t\t\t    <span class=\"ti-time\"><\/span>9 horas Horas<a href=\"javascript:;\" class=\"tooltip\" title=\"Dispon\u00edvel emSegunda-feira, Ter\u00e7a-feira, Quarta-feira, Quinta-feira, Sexta-feira, S\u00e1bado, Domingo\"><span class=\"ti-info-alt\"><\/span><\/a><\/div>\n<\/div>\n<p>        \t\t    <br class=\"clear\"\/>\n\t\t\t\t<\/div>\n<\/div>\n<\/div>\n<div class=\"element grid classic3_cols animated2\">\n<div class=\"one_third gallery3 grid static filterable portfolio_type themeborder\" style=\"background-image:url(https:\/\/vempra.tur.ar\/wp-content\/uploads\/2025\/10\/image-700x466.png);\"><a class=\"tour_image\" href=\"https:\/\/vempra.tur.ar\/pt\/percorrer\/passeios-a-cavalo-com-sabores-andinos\/\"><\/a><\/p>\n<div class=\"portfolio_info_wrapper\">\n<div class=\"tour_price\">$135,000<\/div>\n<h4>Passeios a cavalo com sabores andinos<\/h4>\n<div class=\"tour_attribute_wrapper\">\n<div class=\"tour_attribute_days\">\n\t\t\t    \t\t\t    <span class=\"ti-time\"><\/span>6 horas Horas<a href=\"javascript:;\" class=\"tooltip\" title=\"Dispon\u00edvel \u00e0s ter\u00e7as, quintas e s\u00e1bados\"><span class=\"ti-info-alt\"><\/span><\/a><\/div>\n<\/div>\n<p>        \t\t    <br class=\"clear\"\/>\n\t\t\t\t<\/div>\n<\/div>\n<\/div>\n<div class=\"element grid classic3_cols animated3\">\n<div class=\"one_third gallery3 grid static filterable portfolio_type themeborder\" style=\"background-image:url(https:\/\/vempra.tur.ar\/wp-content\/uploads\/2025\/10\/39-700x466.jpg);\"><a class=\"tour_image\" href=\"https:\/\/vempra.tur.ar\/pt\/percorrer\/villavicencio-santuario-condor-4x4\/\"><\/a><\/p>\n<div class=\"portfolio_info_wrapper\">\n<div class=\"tour_price\">$89,000<\/div>\n<h4>Andes Truck 4\u00d74: Aventura ao Santu\u00e1rio do Condor em Villavicencio<\/h4>\n<div class=\"tour_attribute_wrapper\">\n<div class=\"tour_attribute_days\">\n\t\t\t    \t\t\t    <span class=\"ti-time\"><\/span>9 horas Horas<a href=\"javascript:;\" class=\"tooltip\" title=\"Dispon\u00edvel emSegunda-feira, Ter\u00e7a-feira, Quarta-feira, Quinta-feira, Sexta-feira, S\u00e1bado, Domingo\"><span class=\"ti-info-alt\"><\/span><\/a><\/div>\n<\/div>\n<p>        \t\t    <br class=\"clear\"\/>\n\t\t\t\t<\/div>\n<\/div>\n<\/div>\n<\/div>\n<\/div>\n<\/div>\n<\/div>\n<div  class=\"one withsmallpadding ppb_text\" style=\"text-align:center;padding:40px 0 40px 0;\" >\n<div class=\"standard_wrapper\">\n<div class=\"page_content_wrapper\">\n<div class=\"inner\">\n<div style=\"margin:auto;width:100%\"><a class=\"button small\" onclick=\"window.open('https:\/\/vempra.tur.ar\/tourcat\/tours-clasicos-de-mendoza\/', '_self')\">Ver mais experi\u00eancias<\/a>\n<\/div>\n<\/div>\n<\/div>\n<\/div>\n<\/div>\n<div  class=\"one withsmallpadding ppb_header\" style=\"text-align:left;padding:30px 0 30px 0;\" >\n<div class=\"standard_wrapper\">\n<div class=\"page_content_wrapper\">\n<div class=\"inner\">\n<div style=\"margin:auto;width:100%\"><\/div>\n<\/div>\n<\/div>\n<\/div>\n<\/div>","protected":false},"excerpt":{"rendered":"<p>Encuentra Tu Experiencia Perfecta Experiencias de Vinos &amp; Gastronom\u00eda Cotizar Crea tu Propio Vino en Mendoza | Convi\u00e9rtete en En\u00f3logo por un D\u00eda 7&nbsp;Horas Ra\u00edces: Experiencia Gourmet en Finca El Para\u00edso de Luigi Bosca 8&nbsp;Horas Experiencia Zuccardi Piedra Infinita: Almuerzo [&hellip;]<\/p>\n","protected":false},"author":1,"featured_media":0,"parent":0,"menu_order":0,"comment_status":"closed","ping_status":"closed","template":"","meta":{"_joinchat":[],"footnotes":""},"class_list":["post-19489","page","type-page","status-publish","hentry"],"yoast_head":"<!-- This site is optimized with the Yoast SEO plugin v26.0 - https:\/\/yoast.com\/wordpress\/plugins\/seo\/ -->\n<title>Tours de Lujo y Experiencias de Autor en Mendoza | Vempra<\/title>\n<meta name=\"description\" content=\"Explora nuestras colecciones curadas de tours en Mendoza. Desde vinos de alta gama hasta expediciones a la Cordillera. Dise\u00f1amos tu viaje perfecto.\" \/>\n<meta name=\"robots\" content=\"index, follow, max-snippet:-1, max-image-preview:large, max-video-preview:-1\" \/>\n<link rel=\"canonical\" href=\"https:\/\/vempra.tur.ar\/pt\/turnes-de-autores\/\" \/>\n<meta property=\"og:locale\" content=\"pt_BR\" \/>\n<meta property=\"og:type\" content=\"article\" \/>\n<meta property=\"og:title\" content=\"Tours de Lujo y Experiencias de Autor en Mendoza | Vempra\" \/>\n<meta property=\"og:description\" content=\"Explora nuestras colecciones curadas de tours en Mendoza. Desde vinos de alta gama hasta expediciones a la Cordillera. Dise\u00f1amos tu viaje perfecto.\" \/>\n<meta property=\"og:url\" content=\"https:\/\/vempra.tur.ar\/pt\/turnes-de-autores\/\" \/>\n<meta property=\"og:site_name\" content=\"Vempra\" \/>\n<meta property=\"article:publisher\" content=\"https:\/\/www.facebook.com\/p\/Vempra-Mendoza-100089421825066\/\" \/>\n<meta property=\"article:modified_time\" content=\"2025-11-07T21:36:43+00:00\" \/>\n<meta name=\"twitter:card\" content=\"summary_large_image\" \/>\n<meta name=\"twitter:label1\" content=\"Est. tempo de leitura\" \/>\n\t<meta name=\"twitter:data1\" content=\"1 minuto\" \/>\n<script type=\"application\/ld+json\" class=\"yoast-schema-graph\">{\"@context\":\"https:\/\/schema.org\",\"@graph\":[{\"@type\":\"WebPage\",\"@id\":\"https:\/\/vempra.tur.ar\/tours-de-autor\/\",\"url\":\"https:\/\/vempra.tur.ar\/tours-de-autor\/\",\"name\":\"Tours de Lujo y Experiencias de Autor en Mendoza | Vempra\",\"isPartOf\":{\"@id\":\"https:\/\/vempra.tur.ar\/#website\"},\"datePublished\":\"2025-09-09T19:12:46+00:00\",\"dateModified\":\"2025-11-07T21:36:43+00:00\",\"description\":\"Explora nuestras colecciones curadas de tours en Mendoza. Desde vinos de alta gama hasta expediciones a la Cordillera. Dise\u00f1amos tu viaje perfecto.\",\"breadcrumb\":{\"@id\":\"https:\/\/vempra.tur.ar\/tours-de-autor\/#breadcrumb\"},\"inLanguage\":\"pt-BR\",\"potentialAction\":[{\"@type\":\"ReadAction\",\"target\":[\"https:\/\/vempra.tur.ar\/tours-de-autor\/\"]}]},{\"@type\":\"BreadcrumbList\",\"@id\":\"https:\/\/vempra.tur.ar\/tours-de-autor\/#breadcrumb\",\"itemListElement\":[{\"@type\":\"ListItem\",\"position\":1,\"name\":\"Portada\",\"item\":\"https:\/\/vempra.tur.ar\/\"},{\"@type\":\"ListItem\",\"position\":2,\"name\":\"Tours de Autor\"}]},{\"@type\":\"WebSite\",\"@id\":\"https:\/\/vempra.tur.ar\/#website\",\"url\":\"https:\/\/vempra.tur.ar\/\",\"name\":\"Vempra\",\"description\":\"Conecta con la M\u00edstica Mendocina\",\"publisher\":{\"@id\":\"https:\/\/vempra.tur.ar\/#organization\"},\"potentialAction\":[{\"@type\":\"SearchAction\",\"target\":{\"@type\":\"EntryPoint\",\"urlTemplate\":\"https:\/\/vempra.tur.ar\/?s={search_term_string}\"},\"query-input\":{\"@type\":\"PropertyValueSpecification\",\"valueRequired\":true,\"valueName\":\"search_term_string\"}}],\"inLanguage\":\"pt-BR\"},{\"@type\":\"Organization\",\"@id\":\"https:\/\/vempra.tur.ar\/#organization\",\"name\":\"Vempra\",\"url\":\"https:\/\/vempra.tur.ar\/\",\"logo\":{\"@type\":\"ImageObject\",\"inLanguage\":\"pt-BR\",\"@id\":\"https:\/\/vempra.tur.ar\/#\/schema\/logo\/image\/\",\"url\":\"https:\/\/vempra.tur.ar\/wp-content\/uploads\/2024\/01\/Legajo-18414-600-x-400-px.png\",\"contentUrl\":\"https:\/\/vempra.tur.ar\/wp-content\/uploads\/2024\/01\/Legajo-18414-600-x-400-px.png\",\"width\":600,\"height\":400,\"caption\":\"Vempra\"},\"image\":{\"@id\":\"https:\/\/vempra.tur.ar\/#\/schema\/logo\/image\/\"},\"sameAs\":[\"https:\/\/www.facebook.com\/p\/Vempra-Mendoza-100089421825066\/\",\"https:\/\/www.instagram.com\/vempra.mza\/\"]}]}<\/script>\n<!-- \/ Yoast SEO plugin. -->","yoast_head_json":{"title":"Passeios de luxo e experi\u00eancias exclusivas em Mendoza | Vempra","description":"Explore nossas cole\u00e7\u00f5es selecionadas de passeios em Mendoza. De vinhos premium a expedi\u00e7\u00f5es para a Cordilheira. Criamos sua viagem perfeita.","robots":{"index":"index","follow":"follow","max-snippet":"max-snippet:-1","max-image-preview":"max-image-preview:large","max-video-preview":"max-video-preview:-1"},"canonical":"https:\/\/vempra.tur.ar\/pt\/turnes-de-autores\/","og_locale":"pt_BR","og_type":"article","og_title":"Tours de Lujo y Experiencias de Autor en Mendoza | Vempra","og_description":"Explora nuestras colecciones curadas de tours en Mendoza. Desde vinos de alta gama hasta expediciones a la Cordillera. Dise\u00f1amos tu viaje perfecto.","og_url":"https:\/\/vempra.tur.ar\/pt\/turnes-de-autores\/","og_site_name":"Vempra","article_publisher":"https:\/\/www.facebook.com\/p\/Vempra-Mendoza-100089421825066\/","article_modified_time":"2025-11-07T21:36:43+00:00","twitter_card":"summary_large_image","twitter_misc":{"Est. tempo de leitura":"1 minuto"},"schema":{"@context":"https:\/\/schema.org","@graph":[{"@type":"WebPage","@id":"https:\/\/vempra.tur.ar\/tours-de-autor\/","url":"https:\/\/vempra.tur.ar\/tours-de-autor\/","name":"Passeios de luxo e experi\u00eancias exclusivas em Mendoza | Vempra","isPartOf":{"@id":"https:\/\/vempra.tur.ar\/#website"},"datePublished":"2025-09-09T19:12:46+00:00","dateModified":"2025-11-07T21:36:43+00:00","description":"Explore nossas cole\u00e7\u00f5es selecionadas de passeios em Mendoza. De vinhos premium a expedi\u00e7\u00f5es para a Cordilheira. Criamos sua viagem perfeita.","breadcrumb":{"@id":"https:\/\/vempra.tur.ar\/tours-de-autor\/#breadcrumb"},"inLanguage":"pt-BR","potentialAction":[{"@type":"ReadAction","target":["https:\/\/vempra.tur.ar\/tours-de-autor\/"]}]},{"@type":"BreadcrumbList","@id":"https:\/\/vempra.tur.ar\/tours-de-autor\/#breadcrumb","itemListElement":[{"@type":"ListItem","position":1,"name":"Portada","item":"https:\/\/vempra.tur.ar\/"},{"@type":"ListItem","position":2,"name":"Tours de Autor"}]},{"@type":"WebSite","@id":"https:\/\/vempra.tur.ar\/#website","url":"https:\/\/vempra.tur.ar\/","name":"Vempra","description":"Conecte-se com a Mendocino Mystique","publisher":{"@id":"https:\/\/vempra.tur.ar\/#organization"},"potentialAction":[{"@type":"SearchAction","target":{"@type":"EntryPoint","urlTemplate":"https:\/\/vempra.tur.ar\/?s={search_term_string}"},"query-input":{"@type":"PropertyValueSpecification","valueRequired":true,"valueName":"search_term_string"}}],"inLanguage":"pt-BR"},{"@type":"Organization","@id":"https:\/\/vempra.tur.ar\/#organization","name":"Vempra","url":"https:\/\/vempra.tur.ar\/","logo":{"@type":"ImageObject","inLanguage":"pt-BR","@id":"https:\/\/vempra.tur.ar\/#\/schema\/logo\/image\/","url":"https:\/\/vempra.tur.ar\/wp-content\/uploads\/2024\/01\/Legajo-18414-600-x-400-px.png","contentUrl":"https:\/\/vempra.tur.ar\/wp-content\/uploads\/2024\/01\/Legajo-18414-600-x-400-px.png","width":600,"height":400,"caption":"Vempra"},"image":{"@id":"https:\/\/vempra.tur.ar\/#\/schema\/logo\/image\/"},"sameAs":["https:\/\/www.facebook.com\/p\/Vempra-Mendoza-100089421825066\/","https:\/\/www.instagram.com\/vempra.mza\/"]}]}},"_links":{"self":[{"href":"https:\/\/vempra.tur.ar\/pt\/wp-json\/wp\/v2\/pages\/19489","targetHints":{"allow":["GET"]}}],"collection":[{"href":"https:\/\/vempra.tur.ar\/pt\/wp-json\/wp\/v2\/pages"}],"about":[{"href":"https:\/\/vempra.tur.ar\/pt\/wp-json\/wp\/v2\/types\/page"}],"author":[{"embeddable":true,"href":"https:\/\/vempra.tur.ar\/pt\/wp-json\/wp\/v2\/users\/1"}],"replies":[{"embeddable":true,"href":"https:\/\/vempra.tur.ar\/pt\/wp-json\/wp\/v2\/comments?post=19489"}],"version-history":[{"count":9,"href":"https:\/\/vempra.tur.ar\/pt\/wp-json\/wp\/v2\/pages\/19489\/revisions"}],"predecessor-version":[{"id":20227,"href":"https:\/\/vempra.tur.ar\/pt\/wp-json\/wp\/v2\/pages\/19489\/revisions\/20227"}],"wp:attachment":[{"href":"https:\/\/vempra.tur.ar\/pt\/wp-json\/wp\/v2\/media?parent=19489"}],"curies":[{"name":"wp","href":"https:\/\/api.w.org\/{rel}","templated":true}]}}