{"id":19498,"date":"2025-09-09T19:12:46","date_gmt":"2025-09-09T19:12:46","guid":{"rendered":"https:\/\/vempra.tur.ar\/?page_id=19498"},"modified":"2025-11-05T16:15:14","modified_gmt":"2025-11-05T16:15:14","slug":"contact","status":"publish","type":"page","link":"https:\/\/vempra.tur.ar\/en\/contact\/","title":{"rendered":"Contact"},"content":{"rendered":"<div  class=\"one withsmallpadding ppb_header\" style=\"text-align:center;padding:135px 0 135px 0;color:#000000;\" >\n<div class=\"standard_wrapper\">\n<div class=\"page_content_wrapper\">\n<div class=\"inner\">\n<div style=\"margin:auto;width:100%\">\n<h2 class=\"ppb_title\" style=\"color:#000000;\">Let's Start Designing Your Trip<\/h2>\n<div class=\"page_tagline\" style=\"color:#000000;\">You are just one step away from experiencing the Mendoza that few see. Tell us your idea and one of our travel designers will contact you personally.<\/div>\n<\/div>\n<\/div>\n<\/div>\n<\/div>\n<\/div>\n<div  class=\"one withsmallpadding ppb_contact_half_bg withbg parallax\" style=\"background-image:url(https:\/\/vempra.tur.ar\/wp-content\/uploads\/2025\/11\/TEMPUSALBA-47-scaled.jpg);background-position: center center;padding:40px 0 40px 0;margin-top:20px;margin-bottom:20px;\" >\n<div class=\"standard_wrapper\">\n<div class=\"page_content_wrapper\">\n<div class=\"inner\">\n<div class=\"one_half_bg floatright\" style=\"background:#ffffff;background:rgb(255,255,255,0.9);background:rgba(255,255,255,0.9);\" data-stellar-ratio=\"1.3\">\n<h2 class=\"ppb_title\" style=\"\">A Conversation, not a Form.<\/h2>\n<div class=\"ppb_header_content\">\n<p>We understand that a memorable trip begins with a dialogue. Use the form below to send us your initial ideas, or if you prefer a more direct contact, feel free to write or call us.<\/p>\n<p>Our promise is simple: a personal and detailed response in less than 24 hours, without intermediaries or automated responses.<\/p>\n<\/p>\n<h4>Direct Contact<\/h4>\n<p><span class=\"ti-mobile\" style=\"color: #B85C38;\"><\/span> <a href=\"tel:+5492616527094\"><strong>WhatsApp or Call:<\/strong> +54 9 261 652 7094<\/a><\/p>\n<p><span class=\"ti-email\" style=\"color: #B85C38;\"><\/span> <a href=\"mailto:info@vempra.tur.ar\"><strong>Email:<\/strong> info@vempra.tur.ar<\/a><\/p>\n<\/div>\n<div class=\"contact_form7_wrapper\">\n<div class=\"wpcf7 no-js\" id=\"wpcf7-f19995-o1\" lang=\"es-ES\" dir=\"ltr\" data-wpcf7-id=\"19995\">\n<div class=\"screen-reader-response\">\n<p role=\"status\" aria-live=\"polite\" aria-atomic=\"true\">\n<ul><\/ul>\n<\/div>\n<form action=\"\/wp-admin\/post.php#wpcf7-f19995-o1\" method=\"post\" class=\"wpcf7-form init cf7mls-no-scroll cf7mls-auto-return-first-step cf7mls-no-moving-animation\" aria-label=\"Contact Form\" novalidate=\"novalidate\" data-status=\"init\" data-trp-original-action=\"\/wp-admin\/post.php#wpcf7-f19995-o1\">\n<fieldset class=\"hidden-fields-container\"><input type=\"hidden\" name=\"_wpcf7\" value=\"19995\" \/><input type=\"hidden\" name=\"_wpcf7_version\" value=\"6.1.2\" \/><input type=\"hidden\" name=\"_wpcf7_locale\" value=\"es_ES\" \/><input type=\"hidden\" name=\"_wpcf7_unit_tag\" value=\"wpcf7-f19995-o1\" \/><input type=\"hidden\" name=\"_wpcf7_container_post\" value=\"0\" \/><input type=\"hidden\" name=\"_wpcf7_posted_data_hash\" value=\"\" \/><input type=\"hidden\" name=\"_wpcf7dtx_version\" value=\"5.0.3\" \/><br \/>\n<\/fieldset>\n<div class=\"fieldset-cf7mls-wrapper\" data-transition-effects>\n<fieldset class=\"fieldset-cf7mls cf7mls_current_fs\">\n<h2>How many people travel?<br \/>\n<\/h2>\n<p><span class=\"wpcf7-form-control-wrap\" data-name=\"radio-343\"><span class=\"wpcf7-form-control wpcf7-radio boton\"><span class=\"wpcf7-list-item first\"><label><input type=\"radio\" name=\"radio-343\" value=\"1\" \/><span class=\"wpcf7-list-item-label\">1<\/span><\/label><\/span><span class=\"wpcf7-list-item\"><label><input type=\"radio\" name=\"radio-343\" value=\"2\" \/><span class=\"wpcf7-list-item-label\">2<\/span><\/label><\/span><span class=\"wpcf7-list-item\"><label><input type=\"radio\" name=\"radio-343\" value=\"3\" \/><span class=\"wpcf7-list-item-label\">3<\/span><\/label><\/span><span class=\"wpcf7-list-item\"><label><input type=\"radio\" name=\"radio-343\" value=\"4\" \/><span class=\"wpcf7-list-item-label\">4<\/span><\/label><\/span><span class=\"wpcf7-list-item last\"><label><input type=\"radio\" name=\"radio-343\" value=\"mas de 4\" \/><span class=\"wpcf7-list-item-label\">more than 4<\/span><\/label><\/span><\/span><\/span>\n<\/p>\n<h2>What type of trip are you planning?<br \/>\n<\/h2>\n<p><span class=\"wpcf7-form-control-wrap\" data-name=\"radio-672\"><span class=\"wpcf7-form-control wpcf7-radio boton\"><span class=\"wpcf7-list-item first\"><label><input type=\"radio\" name=\"radio-672\" value=\"Amigas\/os\" \/><span class=\"wpcf7-list-item-label\">Friends<\/span><\/label><\/span><span class=\"wpcf7-list-item\"><label><input type=\"radio\" name=\"radio-672\" value=\"Rom\u00e1ntico\" \/><span class=\"wpcf7-list-item-label\">Romantic<\/span><\/label><\/span><span class=\"wpcf7-list-item\"><label><input type=\"radio\" name=\"radio-672\" value=\"Escapada\" \/><span class=\"wpcf7-list-item-label\">Getaway<\/span><\/label><\/span><span class=\"wpcf7-list-item last\"><label><input type=\"radio\" name=\"radio-672\" value=\"Corporativo\" \/><span class=\"wpcf7-list-item-label\">Corporate<\/span><\/label><\/span><\/span><\/span>\n<\/p>\n<h2>Which hotel category do you prefer?<br \/>\n<\/h2>\n<p><span class=\"wpcf7-form-control-wrap\" data-name=\"radio-127\"><span class=\"wpcf7-form-control wpcf7-radio boton\"><span class=\"wpcf7-list-item first\"><label><input type=\"radio\" name=\"radio-127\" value=\"3 estrellas\" \/><span class=\"wpcf7-list-item-label\">3 stars<\/span><\/label><\/span><span class=\"wpcf7-list-item\"><label><input type=\"radio\" name=\"radio-127\" value=\"4 estrellas\" \/><span class=\"wpcf7-list-item-label\">4 stars<\/span><\/label><\/span><span class=\"wpcf7-list-item\"><label><input type=\"radio\" name=\"radio-127\" value=\"5 estrellas\" \/><span class=\"wpcf7-list-item-label\">5 stars<\/span><\/label><\/span><span class=\"wpcf7-list-item\"><label><input type=\"radio\" name=\"radio-127\" value=\"Boutique\" \/><span class=\"wpcf7-list-item-label\">Boutique<\/span><\/label><\/span><span class=\"wpcf7-list-item last\"><label><input type=\"radio\" name=\"radio-127\" value=\"Sin alojamiento\" \/><span class=\"wpcf7-list-item-label\">No lodging<\/span><\/label><\/span><\/span><\/span>\n<\/p>\n<h2>Where would you like to stay?<br \/>\n<\/h2>\n<p><span class=\"wpcf7-form-control-wrap\" data-name=\"radio-342\"><span class=\"wpcf7-form-control wpcf7-radio boton\"><span class=\"wpcf7-list-item first\"><label><input type=\"radio\" name=\"radio-342\" value=\"Ciudad de Mendoza\" \/><span class=\"wpcf7-list-item-label\">Mendoza City<\/span><\/label><\/span><span class=\"wpcf7-list-item\"><label><input type=\"radio\" name=\"radio-342\" value=\"Zona de Vi\u00f1edos\" \/><span class=\"wpcf7-list-item-label\">Vineyard Zone<\/span><\/label><\/span><span class=\"wpcf7-list-item last\"><label><input type=\"radio\" name=\"radio-342\" value=\"Alta Monta\u00f1a\" \/><span class=\"wpcf7-list-item-label\">High mountain<\/span><\/label><\/span><\/span><\/span><\/p>\n<div class=\"cf7mls-btns\"><button type=\"button\" class=\"cf7mls_next cf7mls_btn action-button\" name=\"cf7mls_next\" id=\"cf7mls-next-btn-cf7mls_step-1\">Next<img decoding=\"async\" src=\"https:\/\/vempra.tur.ar\/wp-content\/plugins\/cf7-multi-step\/assets\/frontend\/img\/loader.svg\" alt=\"Step Loading\" data-lazy-src=\"https:\/\/vempra.tur.ar\/wp-content\/plugins\/cf7-multi-step\/assets\/frontend\/img\/loader.svg\" style=\"display: none;\" \/><\/button><\/div>\n<\/p>\n<\/fieldset>\n<fieldset class=\"fieldset-cf7mls\">\n<div class=\"vempra-contact\">\n<h2 class=\"step-title\">How long do you want your trip to last?<br \/>\n\t<\/h2>\n<p><span class=\"wpcf7-form-control-wrap\" data-name=\"radio-257\"><span class=\"wpcf7-form-control wpcf7-radio boton\"><span class=\"wpcf7-list-item first\"><label><input type=\"radio\" name=\"radio-257\" value=\"3\u20135 d\u00edas\" \/><span class=\"wpcf7-list-item-label\">3-5 days<\/span><\/label><\/span><span class=\"wpcf7-list-item\"><label><input type=\"radio\" name=\"radio-257\" value=\"6\u20138 d\u00edas\" \/><span class=\"wpcf7-list-item-label\">6-8 days<\/span><\/label><\/span><span class=\"wpcf7-list-item\"><label><input type=\"radio\" name=\"radio-257\" value=\"9\u201311 d\u00edas\" \/><span class=\"wpcf7-list-item-label\">9-11 days<\/span><\/label><\/span><span class=\"wpcf7-list-item\"><label><input type=\"radio\" name=\"radio-257\" value=\"12\u201315 d\u00edas\" \/><span class=\"wpcf7-list-item-label\">12-15 days<\/span><\/label><\/span><span class=\"wpcf7-list-item\"><label><input type=\"radio\" name=\"radio-257\" value=\"16+ d\u00edas\" \/><span class=\"wpcf7-list-item-label\">16+ days<\/span><\/label><\/span><span class=\"wpcf7-list-item last\"><label><input type=\"radio\" name=\"radio-257\" value=\"Todav\u00eda no lo decid\u00ed\" \/><span class=\"wpcf7-list-item-label\">I have not decided yet<\/span><\/label><\/span><\/span><\/span>\n\t<\/p>\n<h2 class=\"step-title\" style=\"margin-top:30px;\">When do you plan to travel?<br \/>\n\t<\/h2>\n<p>If you already have tentative or exact dates, you can fill them in below.\n\t<\/p>\n<div class=\"row\">\n<p><label>Start date<br \/>\n<span class=\"wpcf7-form-control-wrap\" data-name=\"fecha_inicio\"><input class=\"wpcf7-form-control wpcf7-date wpcf7-validates-as-date\" aria-invalid=\"false\" placeholder=\"dd\/mm\/yyyy\" value=\"\" type=\"date\" name=\"fecha_inicio\" \/><\/span><\/label>\n\t\t<\/p>\n<p><label>End date<br \/>\n<span class=\"wpcf7-form-control-wrap\" data-name=\"fecha_fin\"><input class=\"wpcf7-form-control wpcf7-date wpcf7-validates-as-date\" aria-invalid=\"false\" placeholder=\"dd\/mm\/yyyy\" value=\"\" type=\"date\" name=\"fecha_fin\" \/><\/span><\/label>\n\t\t<\/p>\n<\/p><\/div>\n<\/div>\n<h2>Anything else we should know?<br \/>\n<\/h2>\n<p><span class=\"wpcf7-form-control-wrap\" data-name=\"text-983\"><input size=\"40\" maxlength=\"400\" class=\"wpcf7-form-control wpcf7-text\" aria-invalid=\"false\" value=\"\" type=\"text\" name=\"text-983\" \/><\/span>\n<\/p>\n<h2>Name and surname<br \/>\n<\/h2>\n<p><span class=\"wpcf7-form-control-wrap\" data-name=\"nombre\"><input size=\"40\" maxlength=\"400\" class=\"wpcf7-form-control wpcf7-text wpcf7-validates-as-required\" aria-required=\"true\" aria-invalid=\"false\" value=\"\" type=\"text\" name=\"nombre\" \/><\/span>\n<\/p>\n<h2>E-mail<br \/>\n<\/h2>\n<p><span class=\"wpcf7-form-control-wrap\" data-name=\"email-284\"><input size=\"40\" maxlength=\"400\" class=\"wpcf7-form-control wpcf7-email wpcf7-validates-as-required wpcf7-text wpcf7-validates-as-email\" aria-required=\"true\" aria-invalid=\"false\" value=\"\" type=\"email\" name=\"email-284\" \/><\/span>\n<\/p>\n<h2>Tel\u00e9fono &#8211; Whatsapp<br \/>\n<\/h2>\n<p><span class=\"wpcf7-form-control-wrap\" data-name=\"tel-417\"><input size=\"40\" maxlength=\"400\" class=\"wpcf7-form-control wpcf7-tel wpcf7-validates-as-required wpcf7-text wpcf7-validates-as-tel\" aria-required=\"true\" aria-invalid=\"false\" value=\"\" type=\"tel\" name=\"tel-417\" \/><\/span>\n<\/p>\n<p><input class=\"wpcf7-form-control wpcf7-submit has-spinner\" type=\"submit\" value=\"Send\" \/><\/p>\n<div class=\"cf7mls-btns cf7mls-btns-last-step\"><button type=\"button\" class=\"cf7mls_back action-button\" name=\"cf7mls_back\" id=\"cf7mls-back-btn-cf7mls_step-2\">Back to<\/button><button type=\"button\" style=\"display: none;\" class=\"cf7mls_next cf7mls_btn action-button\" name=\"cf7mls_next\" id=\"cf7mls-next-btn-cf7mls_step-2\"><img decoding=\"async\" src=\"https:\/\/vempra.tur.ar\/wp-content\/plugins\/cf7-multi-step\/assets\/frontend\/img\/loader.svg\" alt=\"Step Loading\" data-lazy-src=\"https:\/\/vempra.tur.ar\/wp-content\/plugins\/cf7-multi-step\/assets\/frontend\/img\/loader.svg\" style=\"display: none;\" \/><\/button>\n<\/p>\n<\/fieldset>\n<\/div>\n<div class=\"wpcf7-response-output\" aria-hidden=\"true\"><\/div>\n<input type=\"hidden\" name=\"trp-form-language\" value=\"en\"\/><\/form>\n<\/div>\n<\/div>\n<\/div>\n<\/div>\n<\/div>\n<\/div>\n<\/div>","protected":false},"excerpt":{"rendered":"<p>Comencemos a Dise\u00f1ar Tu Viaje Est\u00e1s a un paso de vivir la Mendoza que pocos ven. Cu\u00e9ntanos tu idea y uno de nuestros dise\u00f1adores de viajes te contactar\u00e1 personalmente. Una Conversaci\u00f3n, no un Formulario. Entendemos que un viaje memorable comienza [&hellip;]<\/p>\n","protected":false},"author":1,"featured_media":0,"parent":0,"menu_order":0,"comment_status":"closed","ping_status":"closed","template":"","meta":{"_joinchat":[],"footnotes":""},"class_list":["post-19498","page","type-page","status-publish","hentry"],"yoast_head":"<!-- This site is optimized with the Yoast SEO plugin v26.0 - https:\/\/yoast.com\/wordpress\/plugins\/seo\/ -->\n<title>Contacto - Dise\u00f1a tu Viaje de Lujo a Mendoza | Vempra<\/title>\n<meta name=\"description\" content=\"Contacta a nuestros dise\u00f1adores de viajes para crear tu experiencia a medida en Mendoza. Olv\u00eddate de la log\u00edstica y el estr\u00e9s. \u00a1Comienza la conversaci\u00f3n hoy!\" \/>\n<meta name=\"robots\" content=\"index, follow, max-snippet:-1, max-image-preview:large, max-video-preview:-1\" \/>\n<link rel=\"canonical\" href=\"https:\/\/vempra.tur.ar\/en\/contact\/\" \/>\n<meta property=\"og:locale\" content=\"en_US\" \/>\n<meta property=\"og:type\" content=\"article\" \/>\n<meta property=\"og:title\" content=\"Contacto - Dise\u00f1a tu Viaje de Lujo a Mendoza | Vempra\" \/>\n<meta property=\"og:description\" content=\"Contacta a nuestros dise\u00f1adores de viajes para crear tu experiencia a medida en Mendoza. Olv\u00eddate de la log\u00edstica y el estr\u00e9s. \u00a1Comienza la conversaci\u00f3n hoy!\" \/>\n<meta property=\"og:url\" content=\"https:\/\/vempra.tur.ar\/en\/contact\/\" \/>\n<meta property=\"og:site_name\" content=\"Vempra\" \/>\n<meta property=\"article:publisher\" content=\"https:\/\/www.facebook.com\/p\/Vempra-Mendoza-100089421825066\/\" \/>\n<meta property=\"article:modified_time\" content=\"2025-11-05T16:15:14+00:00\" \/>\n<meta property=\"og:image\" content=\"https:\/\/vempra.tur.ar\/wp-content\/plugins\/cf7-multi-step\/assets\/frontend\/img\/loader.svg\" \/>\n<meta name=\"twitter:card\" content=\"summary_large_image\" \/>\n<meta name=\"twitter:label1\" content=\"Est. reading time\" \/>\n\t<meta name=\"twitter:data1\" content=\"1 minute\" \/>\n<script type=\"application\/ld+json\" class=\"yoast-schema-graph\">{\"@context\":\"https:\/\/schema.org\",\"@graph\":[{\"@type\":\"WebPage\",\"@id\":\"https:\/\/vempra.tur.ar\/contacto\/\",\"url\":\"https:\/\/vempra.tur.ar\/contacto\/\",\"name\":\"Contacto - Dise\u00f1a tu Viaje de Lujo a Mendoza | Vempra\",\"isPartOf\":{\"@id\":\"https:\/\/vempra.tur.ar\/#website\"},\"primaryImageOfPage\":{\"@id\":\"https:\/\/vempra.tur.ar\/contacto\/#primaryimage\"},\"image\":{\"@id\":\"https:\/\/vempra.tur.ar\/contacto\/#primaryimage\"},\"thumbnailUrl\":\"https:\/\/vempra.tur.ar\/wp-content\/plugins\/cf7-multi-step\/assets\/frontend\/img\/loader.svg\",\"datePublished\":\"2025-09-09T19:12:46+00:00\",\"dateModified\":\"2025-11-05T16:15:14+00:00\",\"description\":\"Contacta a nuestros dise\u00f1adores de viajes para crear tu experiencia a medida en Mendoza. Olv\u00eddate de la log\u00edstica y el estr\u00e9s. \u00a1Comienza la conversaci\u00f3n hoy!\",\"breadcrumb\":{\"@id\":\"https:\/\/vempra.tur.ar\/contacto\/#breadcrumb\"},\"inLanguage\":\"en-US\",\"potentialAction\":[{\"@type\":\"ReadAction\",\"target\":[\"https:\/\/vempra.tur.ar\/contacto\/\"]}]},{\"@type\":\"ImageObject\",\"inLanguage\":\"en-US\",\"@id\":\"https:\/\/vempra.tur.ar\/contacto\/#primaryimage\",\"url\":\"https:\/\/vempra.tur.ar\/wp-content\/plugins\/cf7-multi-step\/assets\/frontend\/img\/loader.svg\",\"contentUrl\":\"https:\/\/vempra.tur.ar\/wp-content\/plugins\/cf7-multi-step\/assets\/frontend\/img\/loader.svg\"},{\"@type\":\"BreadcrumbList\",\"@id\":\"https:\/\/vempra.tur.ar\/contacto\/#breadcrumb\",\"itemListElement\":[{\"@type\":\"ListItem\",\"position\":1,\"name\":\"Portada\",\"item\":\"https:\/\/vempra.tur.ar\/\"},{\"@type\":\"ListItem\",\"position\":2,\"name\":\"Contacto\"}]},{\"@type\":\"WebSite\",\"@id\":\"https:\/\/vempra.tur.ar\/#website\",\"url\":\"https:\/\/vempra.tur.ar\/\",\"name\":\"Vempra\",\"description\":\"Conecta con la M\u00edstica Mendocina\",\"publisher\":{\"@id\":\"https:\/\/vempra.tur.ar\/#organization\"},\"potentialAction\":[{\"@type\":\"SearchAction\",\"target\":{\"@type\":\"EntryPoint\",\"urlTemplate\":\"https:\/\/vempra.tur.ar\/?s={search_term_string}\"},\"query-input\":{\"@type\":\"PropertyValueSpecification\",\"valueRequired\":true,\"valueName\":\"search_term_string\"}}],\"inLanguage\":\"en-US\"},{\"@type\":\"Organization\",\"@id\":\"https:\/\/vempra.tur.ar\/#organization\",\"name\":\"Vempra\",\"url\":\"https:\/\/vempra.tur.ar\/\",\"logo\":{\"@type\":\"ImageObject\",\"inLanguage\":\"en-US\",\"@id\":\"https:\/\/vempra.tur.ar\/#\/schema\/logo\/image\/\",\"url\":\"https:\/\/vempra.tur.ar\/wp-content\/uploads\/2024\/01\/Legajo-18414-600-x-400-px.png\",\"contentUrl\":\"https:\/\/vempra.tur.ar\/wp-content\/uploads\/2024\/01\/Legajo-18414-600-x-400-px.png\",\"width\":600,\"height\":400,\"caption\":\"Vempra\"},\"image\":{\"@id\":\"https:\/\/vempra.tur.ar\/#\/schema\/logo\/image\/\"},\"sameAs\":[\"https:\/\/www.facebook.com\/p\/Vempra-Mendoza-100089421825066\/\",\"https:\/\/www.instagram.com\/vempra.mza\/\"]}]}<\/script>\n<!-- \/ Yoast SEO plugin. -->","yoast_head_json":{"title":"Contact - Design your Luxury Travel to Mendoza - Vempra","description":"Contact our travel designers to create your tailor-made experience in Mendoza. Forget the logistics and stress, start the conversation today!","robots":{"index":"index","follow":"follow","max-snippet":"max-snippet:-1","max-image-preview":"max-image-preview:large","max-video-preview":"max-video-preview:-1"},"canonical":"https:\/\/vempra.tur.ar\/en\/contact\/","og_locale":"en_US","og_type":"article","og_title":"Contacto - Dise\u00f1a tu Viaje de Lujo a Mendoza | Vempra","og_description":"Contacta a nuestros dise\u00f1adores de viajes para crear tu experiencia a medida en Mendoza. Olv\u00eddate de la log\u00edstica y el estr\u00e9s. \u00a1Comienza la conversaci\u00f3n hoy!","og_url":"https:\/\/vempra.tur.ar\/en\/contact\/","og_site_name":"Vempra","article_publisher":"https:\/\/www.facebook.com\/p\/Vempra-Mendoza-100089421825066\/","article_modified_time":"2025-11-05T16:15:14+00:00","og_image":[{"url":"https:\/\/vempra.tur.ar\/wp-content\/plugins\/cf7-multi-step\/assets\/frontend\/img\/loader.svg","type":"","width":"","height":""}],"twitter_card":"summary_large_image","twitter_misc":{"Est. reading time":"1 minute"},"schema":{"@context":"https:\/\/schema.org","@graph":[{"@type":"WebPage","@id":"https:\/\/vempra.tur.ar\/contacto\/","url":"https:\/\/vempra.tur.ar\/contacto\/","name":"Contact - Design your Luxury Travel to Mendoza - Vempra","isPartOf":{"@id":"https:\/\/vempra.tur.ar\/#website"},"primaryImageOfPage":{"@id":"https:\/\/vempra.tur.ar\/contacto\/#primaryimage"},"image":{"@id":"https:\/\/vempra.tur.ar\/contacto\/#primaryimage"},"thumbnailUrl":"https:\/\/vempra.tur.ar\/wp-content\/plugins\/cf7-multi-step\/assets\/frontend\/img\/loader.svg","datePublished":"2025-09-09T19:12:46+00:00","dateModified":"2025-11-05T16:15:14+00:00","description":"Contact our travel designers to create your tailor-made experience in Mendoza. Forget the logistics and stress, start the conversation today!","breadcrumb":{"@id":"https:\/\/vempra.tur.ar\/contacto\/#breadcrumb"},"inLanguage":"en-US","potentialAction":[{"@type":"ReadAction","target":["https:\/\/vempra.tur.ar\/contacto\/"]}]},{"@type":"ImageObject","inLanguage":"en-US","@id":"https:\/\/vempra.tur.ar\/contacto\/#primaryimage","url":"https:\/\/vempra.tur.ar\/wp-content\/plugins\/cf7-multi-step\/assets\/frontend\/img\/loader.svg","contentUrl":"https:\/\/vempra.tur.ar\/wp-content\/plugins\/cf7-multi-step\/assets\/frontend\/img\/loader.svg"},{"@type":"BreadcrumbList","@id":"https:\/\/vempra.tur.ar\/contacto\/#breadcrumb","itemListElement":[{"@type":"ListItem","position":1,"name":"Portada","item":"https:\/\/vempra.tur.ar\/"},{"@type":"ListItem","position":2,"name":"Contacto"}]},{"@type":"WebSite","@id":"https:\/\/vempra.tur.ar\/#website","url":"https:\/\/vempra.tur.ar\/","name":"Vempra","description":"Connect with the Mysticism of Mendoza","publisher":{"@id":"https:\/\/vempra.tur.ar\/#organization"},"potentialAction":[{"@type":"SearchAction","target":{"@type":"EntryPoint","urlTemplate":"https:\/\/vempra.tur.ar\/?s={search_term_string}"},"query-input":{"@type":"PropertyValueSpecification","valueRequired":true,"valueName":"search_term_string"}}],"inLanguage":"en-US"},{"@type":"Organization","@id":"https:\/\/vempra.tur.ar\/#organization","name":"Vempra","url":"https:\/\/vempra.tur.ar\/","logo":{"@type":"ImageObject","inLanguage":"en-US","@id":"https:\/\/vempra.tur.ar\/#\/schema\/logo\/image\/","url":"https:\/\/vempra.tur.ar\/wp-content\/uploads\/2024\/01\/Legajo-18414-600-x-400-px.png","contentUrl":"https:\/\/vempra.tur.ar\/wp-content\/uploads\/2024\/01\/Legajo-18414-600-x-400-px.png","width":600,"height":400,"caption":"Vempra"},"image":{"@id":"https:\/\/vempra.tur.ar\/#\/schema\/logo\/image\/"},"sameAs":["https:\/\/www.facebook.com\/p\/Vempra-Mendoza-100089421825066\/","https:\/\/www.instagram.com\/vempra.mza\/"]}]}},"_links":{"self":[{"href":"https:\/\/vempra.tur.ar\/en\/wp-json\/wp\/v2\/pages\/19498","targetHints":{"allow":["GET"]}}],"collection":[{"href":"https:\/\/vempra.tur.ar\/en\/wp-json\/wp\/v2\/pages"}],"about":[{"href":"https:\/\/vempra.tur.ar\/en\/wp-json\/wp\/v2\/types\/page"}],"author":[{"embeddable":true,"href":"https:\/\/vempra.tur.ar\/en\/wp-json\/wp\/v2\/users\/1"}],"replies":[{"embeddable":true,"href":"https:\/\/vempra.tur.ar\/en\/wp-json\/wp\/v2\/comments?post=19498"}],"version-history":[{"count":20,"href":"https:\/\/vempra.tur.ar\/en\/wp-json\/wp\/v2\/pages\/19498\/revisions"}],"predecessor-version":[{"id":20173,"href":"https:\/\/vempra.tur.ar\/en\/wp-json\/wp\/v2\/pages\/19498\/revisions\/20173"}],"wp:attachment":[{"href":"https:\/\/vempra.tur.ar\/en\/wp-json\/wp\/v2\/media?parent=19498"}],"curies":[{"name":"wp","href":"https:\/\/api.w.org\/{rel}","templated":true}]}}