{"id":19486,"date":"2025-09-09T19:12:46","date_gmt":"2025-09-09T19:12:46","guid":{"rendered":"https:\/\/vempra.tur.ar\/?page_id=19486"},"modified":"2025-11-07T21:36:02","modified_gmt":"2025-11-07T21:36:02","slug":"inicio","status":"publish","type":"page","link":"https:\/\/vempra.tur.ar\/en\/","title":{"rendered":"Home"},"content":{"rendered":"<div  class=\"one withsmallpadding ppb_header parallax withbg\" style=\"background-image:url(https:\/\/vempra.tur.ar\/wp-content\/uploads\/2025\/09\/NORTON-28-scaled.jpg);background-position: center top;text-align:left;padding:200px 0 200px 0;color:#ffffff;\" >\n<div class=\"standard_wrapper\">\n<div class=\"page_content_wrapper\">\n<div class=\"inner\">\n<div style=\"margin:auto;width:100%\">\n<h2 class=\"ppb_title\" style=\"color:#ffffff;\">Hidden Mendoza: Wine &amp; Local Secrets<\/h2>\n<div class=\"page_tagline\" style=\"color:#ffffff;\">We open the doors to private vineyards, inaccessible peaks, and secret gastronomy.<br \/>\nExperiences designed by locals, not for tourists.<\/div>\n<div class=\"ppb_header_content\"><a class=\"button small\" onclick=\"window.open('https:\/\/vempra.tur.ar\/contacto\/', '_self')\">Start designing your trip<\/a>\n<\/div>\n<\/div>\n<\/div>\n<\/div>\n<\/div>\n<\/div>\n<div  class=\"one withsmallpadding ppb_header\" style=\"text-align:center;padding:20px 0 20px 0;margin-top:40px;margin-bottom:20px;\" >\n<div class=\"standard_wrapper\">\n<div class=\"page_content_wrapper\">\n<div class=\"inner\">\n<div style=\"margin:auto;width:100%\">\n<h2 class=\"ppb_title\" style=\"\">Our Signature Tours<\/h2>\n<div class=\"page_tagline\" style=\"\">Unique experiences, designed for small groups and big memories.<\/div>\n<\/div>\n<\/div>\n<\/div>\n<\/div>\n<\/div>\n<div  class=\"ppb_tour_grid one nopadding\" >\n<div class=\"page_content_wrapper page_main_content sidebar_content full_width fixed_column\">\n<div class=\"standard_wrapper\">\n<div id=\"1762551362536670683\" class=\"portfolio_filter_wrapper gallery grid three_cols\" data-columns=\"3\">\n<div class=\"element grid classic3_cols animated1\">\n<div class=\"one_third gallery3 grid static filterable portfolio_type themeborder\" style=\"background-image:url(https:\/\/vempra.tur.ar\/wp-content\/uploads\/2023\/07\/Bodega-norton-Underground-Cellar-2-700x466.jpg);\"><a class=\"tour_image\" href=\"https:\/\/vempra.tur.ar\/en\/tour\/create-your-own-wine-in-mendoza-become-a-winemaker-for-a-day\/\"><\/a><\/p>\n<div class=\"portfolio_info_wrapper\">\n<div class=\"tour_price\">Quote<\/div>\n<h4>Create Your Own Wine in Mendoza | Become a Winemaker for a Day<\/h4>\n<div class=\"tour_attribute_wrapper\">\n<div class=\"tour_attribute_days\">\n\t\t\t    \t\t\t    <span class=\"ti-time\"><\/span>7&nbsp;Horas<a href=\"javascript:;\" class=\"tooltip\" title=\"Disponible enLunes,&nbsp;Martes,&nbsp;Mi\u00e9rcoles,&nbsp;Jueves,&nbsp;Viernes,&nbsp;S\u00e1bado,&nbsp;Domingo\"><span class=\"ti-info-alt\"><\/span><\/a><\/div>\n<\/div>\n<p>        \t\t    <br class=\"clear\"\/>\n\t\t\t\t<\/div>\n<\/div>\n<\/div>\n<div class=\"element grid classic3_cols animated2\">\n<div class=\"one_third gallery3 grid static filterable portfolio_type themeborder\" style=\"background-image:url(https:\/\/vempra.tur.ar\/wp-content\/uploads\/2025\/10\/Finca-El-Paraiso-Bodega-Luigi-Bosca-e1713882886905-700x466.jpg);\"><a class=\"tour_image\" href=\"https:\/\/vempra.tur.ar\/en\/tour\/gourmet-experience-finca-el-paraiso-luigi-bosca-estate\/\"><\/a><\/p>\n<div class=\"portfolio_info_wrapper\">\n<h4>Roots: A Gourmet Experience at Finca El Para\u00edso by Luigi Bosca<\/h4>\n<div class=\"tour_attribute_wrapper\">\n<div class=\"tour_attribute_days\">\n\t\t\t    \t\t\t    <span class=\"ti-time\"><\/span>8&nbsp;Horas<a href=\"javascript:;\" class=\"tooltip\" title=\"Disponible enLunes,&nbsp;Martes,&nbsp;Mi\u00e9rcoles,&nbsp;Jueves,&nbsp;Viernes,&nbsp;S\u00e1bado,&nbsp;Domingo\"><span class=\"ti-info-alt\"><\/span><\/a><\/div>\n<\/div>\n<p>        \t\t    <br class=\"clear\"\/>\n\t\t\t\t<\/div>\n<\/div>\n<\/div>\n<div class=\"element grid classic3_cols animated3\">\n<div class=\"one_third gallery3 grid static filterable portfolio_type themeborder\" style=\"background-image:url(https:\/\/vempra.tur.ar\/wp-content\/uploads\/2025\/10\/Bodega-Zuccardi-Valle-de-Uco-1-qqja6rg9u4otbkcf1xentlznubbn41cysrwmtagos0-700x466.jpg);\"><a class=\"tour_image\" href=\"https:\/\/vempra.tur.ar\/en\/tour\/zuccardi-piedra-infinita-experience-private-lunch-at-the-best-winery-in-the-world-2\/\"><\/a><\/p>\n<div class=\"portfolio_info_wrapper\">\n<h4>Zuccardi Piedra Infinita Experience: Private Lunch at the World&#039;s Best Winery<\/h4>\n<div class=\"tour_attribute_wrapper\">\n<div class=\"tour_attribute_days\">\n\t\t\t    \t\t\t    <span class=\"ti-time\"><\/span>8&nbsp;Horas<a href=\"javascript:;\" class=\"tooltip\" title=\"Disponible enLunes,&nbsp;Martes,&nbsp;Mi\u00e9rcoles,&nbsp;Jueves,&nbsp;Viernes,&nbsp;S\u00e1bado,&nbsp;Domingo\"><span class=\"ti-info-alt\"><\/span><\/a><\/div>\n<\/div>\n<p>        \t\t    <br class=\"clear\"\/>\n\t\t\t\t<\/div>\n<\/div>\n<\/div>\n<\/div>\n<\/div>\n<\/div>\n<\/div>\n<div  class=\"one withsmallpadding ppb_header\" style=\"text-align:center;padding:40px 0 40px 0;\" >\n<div class=\"standard_wrapper\">\n<div class=\"page_content_wrapper\">\n<div class=\"inner\">\n<div style=\"margin:auto;width:100%\">\n<h2 class=\"ppb_title\" style=\"\">Discover more tours<\/h2>\n<div class=\"ppb_header_content\"><a class=\"button small\" onclick=\"window.open('https:\/\/vempra.tur.ar\/tours\/', '_self')\">See Complete Tour Catalog<\/a>\n<\/div>\n<\/div>\n<\/div>\n<\/div>\n<\/div>\n<\/div>\n<div  class=\"parallax\" style=\"background-image: url(https:\/\/vempra.tur.ar\/wp-content\/uploads\/2023\/05\/CDS-Vinedos-4-jpg.webp);height:25vh; \"><\/div>\n<div class=\"divider one\">&nbsp;<\/div>\n<div  class=\"one withsmallpadding ppb_header\" style=\"text-align:center;padding:40px 0 40px 0;\" >\n<div class=\"standard_wrapper\">\n<div class=\"page_content_wrapper\">\n<div class=\"inner\">\n<div style=\"margin:auto;width:100%\">\n<h2 class=\"ppb_title\" style=\"\">Travelers with Vempra<\/h2>\n<\/div>\n<\/div>\n<\/div>\n<\/div>\n<\/div>\n<div id=\"testimonios\" class=\"one withsmallpadding\" >\n<div class=\"standard_wrapper\">\n<div class=\"page_content_wrapper\" style=\"text-align:center\">\n<div class=\"inner\">\n<div class=\"testimonial_slider_wrapper\">\n<div class=\"flexslider\" data-height=\"750\">\n<ul class=\"slides\">\n<li>\n<div class=\"testimonial_slider_wrapper\">\n<p style=\"text-align: center;\"><img loading=\"lazy\" decoding=\"async\" class=\"alignnone wp-image-19606 aligncenter\" src=\"https:\/\/vempra.tur.ar\/wp-content\/uploads\/2025\/09\/pngwing.com_-scaled.png\" alt=\"\" width=\"39\" height=\"39\" \/> We went horseback riding and a wine tour with lunch. Both experiences were fantastic. Marlene was incredibly attentive and always offered us options that interested us. Everything went according to plan, and the places we visited were beautiful! Highly recommended!<\/p>\n<p style=\"text-align: center;\"><a href=\"https:\/\/www.tripadvisor.com.ar\/ShowUserReviews-g312781-d25896157-r1002967574-Vempra_Mendoza-Mendoza_Province_of_Mendoza_Cuyo.html\">Link to comment<\/a><\/p>\n<div class=\"testimonial_slider_meta\">\n<div class=\"testimonial_image animated\" data-animation=\"bigEntrance\"><img decoding=\"async\" class=\"team_pic\" src=\"https:\/\/vempra.tur.ar\/wp-content\/uploads\/2025\/09\/Sin-titulo-150x150.png\" alt=\"Virginia\"\/><\/div>\n<h6 >Virginia<\/h6>\n<\/div>\n<\/div>\n<\/li>\n<li>\n<div class=\"testimonial_slider_wrapper\">\n<div class=\"_T FKffI\">\n<div class=\"fIrGe _T bgMZj\">\n<div style=\"text-align: center;\"><img loading=\"lazy\" decoding=\"async\" class=\"alignnone wp-image-19606\" src=\"https:\/\/vempra.tur.ar\/wp-content\/uploads\/2025\/09\/pngwing.com_-scaled.png\" alt=\"\" width=\"40\" height=\"40\" \/><\/div>\n<div class=\"biGQs _P VImYz AWdfh\" style=\"text-align: center;\"><span class=\"JguWG\"><span class=\"yCeTE\">An incredible experience for my first solo trip! My travel advisor, Marlene, was attentive to every detail! She created a super complete itinerary for me: Atuel Canyon, wineries, Villavicencio, high mountains, and a hot springs spa, with hotel and transfers included. I highly recommend it!<\/span><\/span><\/div>\n<\/div>\n<\/div>\n<div style=\"text-align: center;\"><\/div>\n<div class=\"TreSq\" style=\"text-align: center;\"><a href=\"https:\/\/www.tripadvisor.com.ar\/AttractionProductReview-g312781-d27795571-Small_group_Winery_Tour_with_Lunch_and_Experiences-Mendoza_Province_of_Mendoza_Cuy.html\">Link to comment<\/a><\/div>\n<div class=\"testimonial_slider_meta\">\n<div class=\"testimonial_image animated\" data-animation=\"bigEntrance\"><img decoding=\"async\" class=\"team_pic\" src=\"https:\/\/vempra.tur.ar\/wp-content\/uploads\/2025\/09\/default-avatar-2020-67-150x150.jpg\" alt=\"Micaela\"\/><\/div>\n<h6 >Micaela<\/h6>\n<\/div>\n<\/div>\n<\/li>\n<li>\n<div class=\"testimonial_slider_wrapper\">\n<div style=\"text-align: center;\"><img loading=\"lazy\" decoding=\"async\" class=\"alignnone  wp-image-19624\" src=\"https:\/\/vempra.tur.ar\/wp-content\/uploads\/2025\/09\/pngegg.png\" alt=\"\" width=\"37\" height=\"36\" \/><\/div>\n<div class=\"OA1nbd\" style=\"text-align: center;\">Our trip to Mendoza was perfectly organized by Bruno.<\/div>\n<div class=\"OA1nbd\" style=\"text-align: center;\">He was always attentive to planning everything according to our wishes, and his responses were always quick and accurate. The vineyard we visited was beautiful, the food exquisite, and skiing in the snow was an extraordinary experience. Thank you so much, Bruno, for the excellent service you provided on our first trip to Mendoza.<\/div>\n<div><\/div>\n<div style=\"text-align: center;\"><a href=\"https:\/\/maps.app.goo.gl\/RbZgmKRsJoJUJ21F7\">Link to comment<\/a><\/div>\n<div data-review-id=\"ChdDSUhNMG9nS0VJQ0FnSUNweTRXcHBBRRAB\">\n<div class=\"acCJ4b\" data-hveid=\"318\" data-ved=\"0CL4CEKe9CWoXChMIoIf77pzcjwMVAAAAAB0AAAAAEAw\">\n<div class=\"EDblX GpHuwc\">\n<div class=\"k9lweb\" role=\"list\"><\/div>\n<\/div>\n<\/div>\n<\/div>\n<div class=\"testimonial_slider_meta\">\n<div class=\"testimonial_image animated\" data-animation=\"bigEntrance\"><img decoding=\"async\" class=\"team_pic\" src=\"https:\/\/vempra.tur.ar\/wp-content\/uploads\/2025\/09\/unnamed.png\" alt=\"Silvia\"\/><\/div>\n<h6 >Silvia<\/h6>\n<\/div>\n<\/div>\n<\/li>\n<\/ul>\n<\/div>\n<\/div>\n<\/div>\n<\/div>\n<\/div>\n<\/div>\n<div  class=\"parallax\" style=\"background-image: url(https:\/\/vempra.tur.ar\/wp-content\/uploads\/2023\/03\/0c38df5e-4915-4f5c-a0ea-ef121260f934.webp);height:30vh; \"><\/div>\n<div class=\"standard_wrapper\">\n<div  class=\"ppb_blog_grid one nopadding\" style=\"padding:40px 0 40px 0;\" >\n<div class=\"page_content_wrapper\">\n<div class=\"inner\">\n<div class=\"inner_wrapper\"><\/div>\n<\/div>\n<\/div>\n<p><br class=\"clear\"\/><\/p>\n<div class=\"blog_recent_link\">\n\t\t<a href=\"http:\/\/vempra.tur.ar\/en\/blog\/\" class=\"button\">Read more<\/a>\n\t<\/div>\n<\/div>\n<\/div>\n<div  class=\"one ppb_fullwidth_button\" style=\"padding:120px 0 120px 0;background-color:#f5f0e6;\" >\n<div class=\"standard_wrapper\">\n<h2 class=\"title\" style=\"color:;\">Ready to discover your Mendoza?<\/h2>\n<p><a href=\"http:\/\/vempra.tur.ar\/en\/contact\/\" class=\"button\" >Start Designing Your Trip<\/a><\/div>\n<\/div>","protected":false},"excerpt":{"rendered":"<p>La Mendoza que Pocos Ven Te abrimos las puertas a vi\u00f1edos privados, cumbres inaccesibles y gastronom\u00eda secreta. Experiencias dise\u00f1adas por locales, no para turistas. Comienza a Dise\u00f1ar tu Viaje Nuestros Tours de Autor Experiencias \u00fanicas, dise\u00f1adas para grupos peque\u00f1os y [&hellip;]<\/p>\n","protected":false},"author":1,"featured_media":19512,"parent":0,"menu_order":0,"comment_status":"closed","ping_status":"closed","template":"","meta":{"_joinchat":[],"footnotes":""},"class_list":["post-19486","page","type-page","status-publish","has-post-thumbnail","hentry"],"yoast_head":"<!-- This site is optimized with the Yoast SEO plugin v26.0 - https:\/\/yoast.com\/wordpress\/plugins\/seo\/ -->\n<title>Tours de Autor Mendoza | Experiencias \u00danicas | Vempra Turismo<\/title>\n<meta name=\"description\" content=\"Descubre la Mendoza que pocos ven con Vempra. Dise\u00f1amos tours de autor y experiencias privadas en vi\u00f1edos y monta\u00f1as. Viajes \u00fanicos creados por locales.\" \/>\n<meta name=\"robots\" content=\"index, follow, max-snippet:-1, max-image-preview:large, max-video-preview:-1\" \/>\n<link rel=\"canonical\" href=\"https:\/\/vempra.tur.ar\/en\/\" \/>\n<meta property=\"og:locale\" content=\"en_US\" \/>\n<meta property=\"og:type\" content=\"article\" \/>\n<meta property=\"og:title\" content=\"Vempra: Te Mostramos la Mendoza que Pocos Ven.\" \/>\n<meta property=\"og:description\" content=\"\u00bfCansado de los tours masivos? Somos artesanos de viajes. Te abrimos las puertas a vi\u00f1edos privados, gastronom\u00eda secreta y paisajes que no est\u00e1n en los mapas. Experiencias en Mendoza dise\u00f1adas por locales.\" \/>\n<meta property=\"og:url\" content=\"https:\/\/vempra.tur.ar\/en\/\" \/>\n<meta property=\"og:site_name\" content=\"Vempra\" \/>\n<meta property=\"article:publisher\" content=\"https:\/\/www.facebook.com\/p\/Vempra-Mendoza-100089421825066\/\" \/>\n<meta property=\"article:modified_time\" content=\"2025-11-07T21:36:02+00:00\" \/>\n<meta property=\"og:image\" content=\"https:\/\/vempra.tur.ar\/wp-content\/uploads\/2025\/09\/NORTON-28-scaled.jpg\" \/>\n\t<meta property=\"og:image:width\" content=\"2560\" \/>\n\t<meta property=\"og:image:height\" content=\"1706\" \/>\n\t<meta property=\"og:image:type\" content=\"image\/jpeg\" \/>\n<meta name=\"twitter:card\" content=\"summary_large_image\" \/>\n<meta name=\"twitter:label1\" content=\"Est. reading time\" \/>\n\t<meta name=\"twitter:data1\" content=\"3 minutes\" \/>\n<script type=\"application\/ld+json\" class=\"yoast-schema-graph\">{\"@context\":\"https:\/\/schema.org\",\"@graph\":[{\"@type\":\"WebPage\",\"@id\":\"https:\/\/vempra.tur.ar\/\",\"url\":\"https:\/\/vempra.tur.ar\/\",\"name\":\"Tours de Autor Mendoza | Experiencias \u00danicas | Vempra Turismo\",\"isPartOf\":{\"@id\":\"https:\/\/vempra.tur.ar\/#website\"},\"primaryImageOfPage\":{\"@id\":\"https:\/\/vempra.tur.ar\/#primaryimage\"},\"image\":{\"@id\":\"https:\/\/vempra.tur.ar\/#primaryimage\"},\"thumbnailUrl\":\"https:\/\/vempra.tur.ar\/wp-content\/uploads\/2025\/09\/NORTON-28-scaled.jpg\",\"datePublished\":\"2025-09-09T19:12:46+00:00\",\"dateModified\":\"2025-11-07T21:36:02+00:00\",\"description\":\"Descubre la Mendoza que pocos ven con Vempra. Dise\u00f1amos tours de autor y experiencias privadas en vi\u00f1edos y monta\u00f1as. Viajes \u00fanicos creados por locales.\",\"breadcrumb\":{\"@id\":\"https:\/\/vempra.tur.ar\/#breadcrumb\"},\"inLanguage\":\"en-US\",\"potentialAction\":[{\"@type\":\"ReadAction\",\"target\":[\"https:\/\/vempra.tur.ar\/\"]}]},{\"@type\":\"ImageObject\",\"inLanguage\":\"en-US\",\"@id\":\"https:\/\/vempra.tur.ar\/#primaryimage\",\"url\":\"https:\/\/vempra.tur.ar\/wp-content\/uploads\/2025\/09\/NORTON-28-scaled.jpg\",\"contentUrl\":\"https:\/\/vempra.tur.ar\/wp-content\/uploads\/2025\/09\/NORTON-28-scaled.jpg\",\"width\":2560,\"height\":1706,\"caption\":\"tours de alta gama en mendoza vempra\"},{\"@type\":\"BreadcrumbList\",\"@id\":\"https:\/\/vempra.tur.ar\/#breadcrumb\",\"itemListElement\":[{\"@type\":\"ListItem\",\"position\":1,\"name\":\"Portada\",\"item\":\"https:\/\/vempra.tur.ar\/\"},{\"@type\":\"ListItem\",\"position\":2,\"name\":\"Inicio\"}]},{\"@type\":\"WebSite\",\"@id\":\"https:\/\/vempra.tur.ar\/#website\",\"url\":\"https:\/\/vempra.tur.ar\/\",\"name\":\"Vempra\",\"description\":\"Conecta con la M\u00edstica Mendocina\",\"publisher\":{\"@id\":\"https:\/\/vempra.tur.ar\/#organization\"},\"potentialAction\":[{\"@type\":\"SearchAction\",\"target\":{\"@type\":\"EntryPoint\",\"urlTemplate\":\"https:\/\/vempra.tur.ar\/?s={search_term_string}\"},\"query-input\":{\"@type\":\"PropertyValueSpecification\",\"valueRequired\":true,\"valueName\":\"search_term_string\"}}],\"inLanguage\":\"en-US\"},{\"@type\":\"Organization\",\"@id\":\"https:\/\/vempra.tur.ar\/#organization\",\"name\":\"Vempra\",\"url\":\"https:\/\/vempra.tur.ar\/\",\"logo\":{\"@type\":\"ImageObject\",\"inLanguage\":\"en-US\",\"@id\":\"https:\/\/vempra.tur.ar\/#\/schema\/logo\/image\/\",\"url\":\"https:\/\/vempra.tur.ar\/wp-content\/uploads\/2024\/01\/Legajo-18414-600-x-400-px.png\",\"contentUrl\":\"https:\/\/vempra.tur.ar\/wp-content\/uploads\/2024\/01\/Legajo-18414-600-x-400-px.png\",\"width\":600,\"height\":400,\"caption\":\"Vempra\"},\"image\":{\"@id\":\"https:\/\/vempra.tur.ar\/#\/schema\/logo\/image\/\"},\"sameAs\":[\"https:\/\/www.facebook.com\/p\/Vempra-Mendoza-100089421825066\/\",\"https:\/\/www.instagram.com\/vempra.mza\/\"]}]}<\/script>\n<!-- \/ Yoast SEO plugin. -->","yoast_head_json":{"title":"Signature Tours Mendoza | Unique Experiences | Vempra Turismo","description":"Discover the Mendoza that few see with Vempra. We design signature tours and private experiences in vineyards and mountains. Unique trips created by locals.","robots":{"index":"index","follow":"follow","max-snippet":"max-snippet:-1","max-image-preview":"max-image-preview:large","max-video-preview":"max-video-preview:-1"},"canonical":"https:\/\/vempra.tur.ar\/en\/","og_locale":"en_US","og_type":"article","og_title":"Vempra: Te Mostramos la Mendoza que Pocos Ven.","og_description":"\u00bfCansado de los tours masivos? Somos artesanos de viajes. Te abrimos las puertas a vi\u00f1edos privados, gastronom\u00eda secreta y paisajes que no est\u00e1n en los mapas. Experiencias en Mendoza dise\u00f1adas por locales.","og_url":"https:\/\/vempra.tur.ar\/en\/","og_site_name":"Vempra","article_publisher":"https:\/\/www.facebook.com\/p\/Vempra-Mendoza-100089421825066\/","article_modified_time":"2025-11-07T21:36:02+00:00","og_image":[{"width":2560,"height":1706,"url":"https:\/\/vempra.tur.ar\/wp-content\/uploads\/2025\/09\/NORTON-28-scaled.jpg","type":"image\/jpeg"}],"twitter_card":"summary_large_image","twitter_misc":{"Est. reading time":"3 minutes"},"schema":{"@context":"https:\/\/schema.org","@graph":[{"@type":"WebPage","@id":"https:\/\/vempra.tur.ar\/","url":"https:\/\/vempra.tur.ar\/","name":"Signature Tours Mendoza | Unique Experiences | Vempra Turismo","isPartOf":{"@id":"https:\/\/vempra.tur.ar\/#website"},"primaryImageOfPage":{"@id":"https:\/\/vempra.tur.ar\/#primaryimage"},"image":{"@id":"https:\/\/vempra.tur.ar\/#primaryimage"},"thumbnailUrl":"https:\/\/vempra.tur.ar\/wp-content\/uploads\/2025\/09\/NORTON-28-scaled.jpg","datePublished":"2025-09-09T19:12:46+00:00","dateModified":"2025-11-07T21:36:02+00:00","description":"Discover the Mendoza that few see with Vempra. We design signature tours and private experiences in vineyards and mountains. Unique trips created by locals.","breadcrumb":{"@id":"https:\/\/vempra.tur.ar\/#breadcrumb"},"inLanguage":"en-US","potentialAction":[{"@type":"ReadAction","target":["https:\/\/vempra.tur.ar\/"]}]},{"@type":"ImageObject","inLanguage":"en-US","@id":"https:\/\/vempra.tur.ar\/#primaryimage","url":"https:\/\/vempra.tur.ar\/wp-content\/uploads\/2025\/09\/NORTON-28-scaled.jpg","contentUrl":"https:\/\/vempra.tur.ar\/wp-content\/uploads\/2025\/09\/NORTON-28-scaled.jpg","width":2560,"height":1706,"caption":"tours de alta gama en mendoza vempra"},{"@type":"BreadcrumbList","@id":"https:\/\/vempra.tur.ar\/#breadcrumb","itemListElement":[{"@type":"ListItem","position":1,"name":"Portada","item":"https:\/\/vempra.tur.ar\/"},{"@type":"ListItem","position":2,"name":"Inicio"}]},{"@type":"WebSite","@id":"https:\/\/vempra.tur.ar\/#website","url":"https:\/\/vempra.tur.ar\/","name":"Vempra","description":"Connect with the Mysticism of Mendoza","publisher":{"@id":"https:\/\/vempra.tur.ar\/#organization"},"potentialAction":[{"@type":"SearchAction","target":{"@type":"EntryPoint","urlTemplate":"https:\/\/vempra.tur.ar\/?s={search_term_string}"},"query-input":{"@type":"PropertyValueSpecification","valueRequired":true,"valueName":"search_term_string"}}],"inLanguage":"en-US"},{"@type":"Organization","@id":"https:\/\/vempra.tur.ar\/#organization","name":"Vempra","url":"https:\/\/vempra.tur.ar\/","logo":{"@type":"ImageObject","inLanguage":"en-US","@id":"https:\/\/vempra.tur.ar\/#\/schema\/logo\/image\/","url":"https:\/\/vempra.tur.ar\/wp-content\/uploads\/2024\/01\/Legajo-18414-600-x-400-px.png","contentUrl":"https:\/\/vempra.tur.ar\/wp-content\/uploads\/2024\/01\/Legajo-18414-600-x-400-px.png","width":600,"height":400,"caption":"Vempra"},"image":{"@id":"https:\/\/vempra.tur.ar\/#\/schema\/logo\/image\/"},"sameAs":["https:\/\/www.facebook.com\/p\/Vempra-Mendoza-100089421825066\/","https:\/\/www.instagram.com\/vempra.mza\/"]}]}},"_links":{"self":[{"href":"https:\/\/vempra.tur.ar\/en\/wp-json\/wp\/v2\/pages\/19486","targetHints":{"allow":["GET"]}}],"collection":[{"href":"https:\/\/vempra.tur.ar\/en\/wp-json\/wp\/v2\/pages"}],"about":[{"href":"https:\/\/vempra.tur.ar\/en\/wp-json\/wp\/v2\/types\/page"}],"author":[{"embeddable":true,"href":"https:\/\/vempra.tur.ar\/en\/wp-json\/wp\/v2\/users\/1"}],"replies":[{"embeddable":true,"href":"https:\/\/vempra.tur.ar\/en\/wp-json\/wp\/v2\/comments?post=19486"}],"version-history":[{"count":51,"href":"https:\/\/vempra.tur.ar\/en\/wp-json\/wp\/v2\/pages\/19486\/revisions"}],"predecessor-version":[{"id":20226,"href":"https:\/\/vempra.tur.ar\/en\/wp-json\/wp\/v2\/pages\/19486\/revisions\/20226"}],"wp:featuredmedia":[{"embeddable":true,"href":"https:\/\/vempra.tur.ar\/en\/wp-json\/wp\/v2\/media\/19512"}],"wp:attachment":[{"href":"https:\/\/vempra.tur.ar\/en\/wp-json\/wp\/v2\/media?parent=19486"}],"curies":[{"name":"wp","href":"https:\/\/api.w.org\/{rel}","templated":true}]}}